{"id":70,"date":"2021-12-16T16:02:19","date_gmt":"2021-12-16T13:02:19","guid":{"rendered":"http:\/\/osh.eap.gr\/osh2\/?page_id=70"},"modified":"2022-05-30T11:11:00","modified_gmt":"2022-05-30T08:11:00","slug":"pliroforisi","status":"publish","type":"page","link":"https:\/\/osh.eap.gr\/index.php\/pliroforisi\/","title":{"rendered":"\u03a0\u039b\u0397\u03a1\u039f\u03a6\u039f\u03a1\u0397\u03a3\u0397"},"content":{"rendered":"\n<p>\u03a0\u03b1\u03c1\u03b1\u03ba\u03ac\u03c4\u03c9 \u03c0\u03b1\u03c1\u03b1\u03c4\u03af\u03b8\u03b5\u03bd\u03c4\u03b1\u03b9 \u03c0\u03b7\u03b3\u03ad\u03c2 \u03c0\u03bb\u03b7\u03c1\u03bf\u03c6\u03cc\u03c1\u03b7\u03c3\u03b7\u03c2 \u03bf\u03b9 \u03bf\u03c0\u03bf\u03af\u03b5\u03c2 \u03b1\u03c6\u03bf\u03c1\u03bf\u03cd\u03bd \u03c4\u03b7\u03bd \u03c5\u03b3\u03b9\u03b5\u03b9\u03bd\u03ae \u03ba\u03b1\u03b9 \u03b1\u03c3\u03c6\u03ac\u03bb\u03b5\u03b9\u03b1 \u03c3\u03c4\u03bf\u03bd \u03c7\u03ce\u03c1\u03bf \u03b5\u03c1\u03b3\u03b1\u03c3\u03af\u03b1\u03c2:<\/p>\n\n\n\n<h3 class=\"wp-block-heading\">\u03a7\u03ce\u03c1\u03bf\u03c2 \u0395\u03c1\u03b3\u03b1\u03c3\u03af\u03b1\u03c2<\/h3>\n\n\n\n<ul class=\"wp-block-list\"><li><a href=\"https:\/\/osh.eap.gr\/wp-content\/uploads\/2021\/12\/simansi.pdf\" target=\"_blank\" rel=\"noreferrer noopener\">\u03a3\u03ae\u03bc\u03b1\u03bd\u03c3\u03b7 \u03c3\u03c4\u03bf\u03bd \u03c7\u03ce\u03c1\u03bf \u03c4\u03b7\u03c2 \u03b5\u03c1\u03b3\u03b1\u03c3\u03af\u03b1\u03c2<\/a><\/li><li><a href=\"https:\/\/osh.eap.gr\/wp-content\/uploads\/2021\/12\/klimaka.pdf\" target=\"_blank\" rel=\"noreferrer noopener\">\u0395\u03c1\u03b3\u03b1\u03c3\u03af\u03b1 \u03bc\u03b5 \u03ba\u03bb\u03af\u03bc\u03b1\u03ba\u03b5\u03c2<\/a><\/li><li><a href=\"https:\/\/osh.eap.gr\/wp-content\/uploads\/2021\/12\/myoskeletika.pdf\" target=\"_blank\" rel=\"noreferrer noopener\">\u039c\u03c5\u03bf\u03c3\u03ba\u03b5\u03bb\u03b5\u03c4\u03b9\u03ba\u03ad\u03c2 \u03c0\u03b1\u03b8\u03ae\u03c3\u03b5\u03b9\u03c2<\/a><\/li><li><a href=\"https:\/\/osh.eap.gr\/wp-content\/uploads\/2021\/12\/othones-1.pdf\" target=\"_blank\" rel=\"noreferrer noopener\">\u039f\u03b8\u03cc\u03bd\u03b5\u03c2 \u03bf\u03c0\u03c4\u03b9\u03ba\u03ae\u03c2 \u03b1\u03c0\u03b5\u03b9\u03ba\u03cc\u03bd\u03b9\u03c3\u03b7\u03c2<\/a><\/li><li><a href=\"https:\/\/osh.eap.gr\/wp-content\/uploads\/2021\/12\/piges_kindinou_anages_paremvaseon_ergasies_grafeiou.pdf\" target=\"_blank\" rel=\"noreferrer noopener\">\u03a0\u03b7\u03b3\u03ad\u03c2 \u03ba\u03b9\u03bd\u03b4\u03cd\u03bd\u03bf\u03c5 \u03c3\u03c4\u03bf \u03b3\u03c1\u03b1\u03c6\u03b5\u03af\u03bf<\/a><\/li><li><a href=\"https:\/\/osh.eap.gr\/wp-content\/uploads\/2021\/12\/fortia.pdf\" target=\"_blank\" rel=\"noreferrer noopener\">\u0391\u03c3\u03c6\u03b1\u03bb\u03ae\u03c2 \u03b1\u03bd\u03cd\u03c8\u03c9\u03c3\u03b7 \u03c6\u03bf\u03c1\u03c4\u03af\u03c9\u03bd<\/a><\/li><li><a href=\"https:\/\/osh.eap.gr\/wp-content\/uploads\/2021\/12\/hlektriko.pdf\" target=\"_blank\" rel=\"noreferrer noopener\">\u0397\u03bb\u03b5\u03ba\u03c4\u03c1\u03b9\u03ba\u03cc \u03c1\u03b5\u03cd\u03bc\u03b1 \u03ba\u03b1\u03b9 \u03c7\u03ce\u03c1\u03bf\u03c2 \u03b5\u03c1\u03b3\u03b1\u03c3\u03af\u03b1\u03c2<\/a><\/li><li><a href=\"https:\/\/osh.eap.gr\/wp-content\/uploads\/2021\/12\/EXTINGUISHERS_el_GR-1.pdf\" target=\"_blank\" rel=\"noreferrer noopener\">\u03a0\u03c5\u03c1\u03bf\u03c3\u03b2\u03b5\u03c3\u03c4\u03ae\u03c1\u03b5\u03c2 \u03ba\u03b1\u03b9 \u03bf\u03b4\u03b7\u03b3\u03af\u03b5\u03c2 \u03c0\u03c5\u03c1\u03cc\u03c3\u03b2\u03b5\u03c3\u03b7\u03c2<\/a><\/li><li><a href=\"https:\/\/osh.eap.gr\/wp-content\/uploads\/2021\/12\/Pyrasfaleia.1113227384805-1.pdf\" target=\"_blank\" rel=\"noreferrer noopener\">\u03a0\u03c5\u03c1\u03b1\u03c3\u03c6\u03ac\u03bb\u03b5\u03b9\u03b1 \u03b5\u03b3\u03ba\u03b1\u03c4\u03b1\u03c3\u03c4\u03ac\u03c3\u03b5\u03c9\u03bd<\/a><\/li><li><a href=\"https:\/\/osh.eap.gr\/wp-content\/uploads\/2021\/12\/computer.pdf\" target=\"_blank\" rel=\"noreferrer noopener\">\u0395\u03c1\u03b3\u03b1\u03c3\u03af\u03b1 \u03bc\u03b5 \u03c5\u03c0\u03bf\u03bb\u03bf\u03b3\u03b9\u03c3\u03c4\u03ae<\/a><\/li><li><a href=\"https:\/\/osh.eap.gr\/wp-content\/uploads\/2021\/12\/simansi-1.pdf\" target=\"_blank\" rel=\"noreferrer noopener\">\u03a3\u03ae\u03bc\u03b1\u03bd\u03c3\u03b7 \u03b1\u03c3\u03c6\u03b1\u03bb\u03b5\u03af\u03b1\u03c2<\/a><\/li><\/ul>\n\n\n\n<h3 class=\"wp-block-heading\">\u0395\u03c1\u03b3\u03b1\u03c3\u03c4\u03ae\u03c1\u03b9\u03b1<\/h3>\n\n\n\n<ul class=\"wp-block-list\"><li><a href=\"https:\/\/osh.eap.gr\/wp-content\/uploads\/2021\/12\/ergasthria.pdf\" target=\"_blank\" rel=\"noreferrer noopener\">\u0393\u03b5\u03bd\u03b9\u03ba\u03bf\u03af \u039a\u03b1\u03bd\u03cc\u03bd\u03b5\u03c2 \u0395\u03c1\u03b3\u03b1\u03c3\u03c4\u03b7\u03c1\u03af\u03c9\u03bd<\/a><\/li><li><a href=\"https:\/\/osh.eap.gr\/wp-content\/uploads\/2021\/12\/ximikaergasthria-1.pdf\" target=\"_blank\" rel=\"noreferrer noopener\">\u03a7\u03b7\u03bc\u03b9\u03ba\u03ac \u03b5\u03c1\u03b3\u03b1\u03c3\u03c4\u03ae\u03c1\u03b9\u03b1 \u03ba\u03b1\u03b9 \u0392\u03b9\u03bf\u03bb\u03bf\u03b3\u03b9\u03ba\u03ac \u0395\u03c1\u03b3\u03b1\u03c3\u03c4\u03ae\u03c1\u03b9\u03b1<\/a><\/li><li><a href=\"https:\/\/osh.eap.gr\/wp-content\/uploads\/2021\/12\/xhmikaproionta.pdf\" target=\"_blank\" rel=\"noreferrer noopener\">\u03a7\u03b7\u03bc\u03b9\u03ba\u03ac \u03a0\u03c1\u03bf\u03ca\u03cc\u03bd\u03c4\u03b1<\/a><\/li><\/ul>\n\n\n<div style=\"display:none\"><a href=\"http:\/\/ankararus.net\" title=\"ankara escort\">ankara escort<\/a><br>\n<a href=\"http:\/\/telekiznumaralari.com\" title=\"\u00e7ankaya escort\">\u00e7ankaya escort<\/a><br>\n<a href=\"http:\/\/escort-models.mobi\" title=\"ankara escort\">\u00e7ankaya escort<\/a><br>\n<a href=\"http:\/\/ankararus.net\" title=\"escort ankara\">escort ankara<\/a><br>\n<a href=\"http:\/\/ankararus.net\" title=\"\u00e7ankaya escort\">\u00e7ankaya escort<\/a><br>\n<a href=\"http:\/\/telekiznumaralari.com\" title=\"escort bayan \u00e7ankaya\">escort bayan \u00e7ankaya<\/a><br>\n<a href=\"http:\/\/www.istanbulruseskort.com\" title=\"istanbul rus escort\">istanbul rus escort<\/a><br>\n<a href=\"http:\/\/www.eryamaneskortlar.com\" title=\"eryaman escort\">eryaman escort<\/a><br>\n<a href=\"http:\/\/ankararus.net\" title=\"escort bayan ankara\">escort bayan ankara<\/a><br>\n<a href=\"http:\/\/telekiznumaralari.com\" title=\"ankara escort\">ankara escort<\/a><br>\n<a href=\"http:\/\/www.hungthinh434.com\" title=\"ankara escort\">k\u0131z\u0131lay escort<\/a><br>\n<a href=\"http:\/\/www.daidalosestate.com\" title=\"istanbul escort\">istanbul escort<\/a><br>\n<a href=\"http:\/\/www.forumzevk.com\" title=\"ankara escort\">ankara escort<\/a><br>\n<a href=\"http:\/\/www.forumzevk.com\/ad-category\/ankara-grup-escort\/\" title=\"ankara grup escort\">ankara grup escort<\/a><br>\n<a href=\"http:\/\/www.forumzevk.com\/ad-category\/ankara-olgun-escort\/\" title=\"ankara olgun escort\">ankara olgun escort<\/a><br>\n<a href=\"http:\/\/www.forumzevk.com\/ad-category\/cankaya-escort\/\" title=\"\u00e7ankaya escort\">\u00e7ankaya escort<\/a><br>\n<a href=\"http:\/\/www.forumzevk.com\/ad-category\/cayyolu-escort\/\" title=\"\u00e7ayyolu escort\">\u00e7ayyolu escort<\/a><br>\n<a href=\"http:\/\/www.forumzevk.com\/ad-category\/cebeci-escort\/\" title=\"cebeci escort\">cebeci escort<\/a><br>\n<a href=\"http:\/\/www.forumzevk.com\/ad-category\/dikmen-escort\/\" title=\"dikmen escort\">dikmen escort<\/a><br>\n<a href=\"http:\/\/www.forumzevk.com\/ad-category\/eryaman-escort\/\" title=\"eryaman escort\">eryaman escort<\/a><br>\n<a href=\"http:\/\/www.forumzevk.com\/ad-category\/etlik-escort\/\" title=\"etlik escort\">etlik escort<\/a><br>\n<a href=\"http:\/\/www.forumzevk.com\/ad-category\/gaziosmanpasa-escort\/\" title=\"gaziosmanpa\u015fa escort\">gaziosmanpa\u015fa escort<\/a><br>\n<a href=\"http:\/\/www.forumzevk.com\/ad-category\/kecioren-escort\/\" title=\"ke\u00e7i\u00f6ren escort\">ke\u00e7i\u00f6ren escort<\/a><br>\n<a href=\"http:\/\/www.forumzevk.com\/ad-category\/kizilay-escort-2\/ title=\" k\u0131z\u0131lay=\"\" escort\"=\"\">k\u0131z\u0131lay escort<\/a><br>\n<a href=\"http:\/\/www.forumzevk.com\/ad-category\/sincan-escort\/\" title=\"sincan escort\">sincan escort<\/a><br>\n<a href=\"http:\/\/www.forumzevk.com\/ad-category\/turan-gunes-escort\/\" title=\"turan g\u00fcne\u015f escort\">turan g\u00fcne\u015f escort<\/a><br>\n<a href=\"https:\/\/www.degisiklink.com\/\" title=\"ankara escort\">ankara escort<\/a><br>\n<a href=\"https:\/\/www.degisiklink.com\/ad-category\/ankara-rus-escort\/\" title=\"ankara rus escort\">ankara rus escort<\/a><br>\n<a href=\"https:\/\/www.degisiklink.com\/ad-category\/ankara-escort\/\" title=\"ankara escort\">ankara escort<\/a><br>\n<a href=\"https:\/\/www.degisiklink.com\/ad-category\/cankaya-escort\/\" title=\"\u00e7ankaya escort\">\u00e7ankaya escort<\/a><br>\n<a href=\"https:\/\/www.degisiklink.com\/ad-category\/cayyolu-escort\/\" title=\"\u00e7ayyolu escort\">\u00e7ayyolu escort<\/a><br>\n<a href=\"https:\/\/www.degisiklink.com\/ad-category\/dikmen-escort\/\" title=\"dikmen escort\">dikmen escort<\/a><br>\n<a href=\"https:\/\/www.degisiklink.com\/ad-category\/eryaman-escort\/\" title=\"eryaman escort\">eryaman escort<\/a><br>\n<a href=\"https:\/\/www.degisiklink.com\/ad-category\/gaziosmanpasa-escort\/\" title=\"gaziosmanpa\u015fa escort\">gaziosmanpa\u015fa escort<\/a><br>\n<a href=\"https:\/\/www.degisiklink.com\/ad-category\/incek-escort\/\" title=\"incek escort\">incek escort<\/a><br>\n<a href=\"https:\/\/www.degisiklink.com\/ad-category\/ankara-olgun-escort\/\" title=\"ankara olgun escort\">ankara olgun escort<\/a><br>\n<a href=\"https:\/\/www.degisiklink.com\/ad-category\/kizilay-escort\/\" title=\"k\u0131z\u0131lay escort\">k\u0131z\u0131lay escort<\/a><br>\n<a href=\"https:\/\/www.degisiklink.com\/ad-category\/kecioren-escort\/\" title=\"ke\u00e7i\u00f6ren escort\">ke\u00e7i\u00f6ren escort<\/a><br>\n<a href=\"https:\/\/www.degisiklink.com\/ad-category\/cebeci-escort\/\" title=\"cebeci escort\">cebeci escort<\/a><br>\n<a href=\"http:\/\/ankararus.net\" title=\"ankara rus escort\">ankara rus escort<\/a><br>\n<a href=\"http:\/\/telekiznumaralari.com\" title=\"escort \u00e7ankaya\">escort \u00e7ankaya<\/a><br>\n<a href=\"http:\/\/ankararus.net\" title=\"ankara escort bayan\">ankara escort bayan<\/a><br>\n<a href=\"http:\/\/www.istanbulruseskort.com\" title=\"istanbul rus escort\">istanbul rus Escort<\/a><br>\n<a href=\"http:\/\/www.istanbulescortnet.com\" title=\"istanbul atasehir escort\">atasehir Escort<\/a><br>\n<a href=\"http:\/\/www.escortbayanvitrini.com\" title=\"beylikduzu escort\">beylikduzu Escort<\/a><br>\n<a href=\"https:\/\/www.serverprobot.com\" title=\"Ankara escort\">Ankara Escort<\/a><br>\n<a href=\"https:\/\/www.serverprobot.com\/ad-category\/ankara-genc-escort\/\" title=\"Ankara gen\u00e7 escort\">Ankara gen\u00e7 Escort<\/a><br>\n<a href=\"https:\/\/www.serverprobot.com\/ad-category\/ankara-masoz\/\" title=\"Ankara mas\u00f6z\">Ankara mas\u00f6z<\/a><br>\n<a href=\"https:\/\/www.serverprobot.com\/ad-category\/ankara-rus-escort\/\" title=\"Ankara rus escort\">Ankara rus Escort<\/a><br>\n<a href=\"https:\/\/www.serverprobot.com\/ad-category\/ankara-ucuz-escort\/\" title=\"Ankara ucuz escort\">Ankara ucuz Escort<\/a><br>\n<a href=\"https:\/\/www.serverprobot.com\/ad-category\/ankara-vip-escort\/\" title=\"Ankara vip escort\">Ankara vip Escort<\/a><br>\n<a href=\"https:\/\/www.serverprobot.com\/ad-category\/cankaya-escort\/\" title=\"\u00e7ankaya escort\">\u00e7ankaya Escort<\/a><br>\n<a href=\"https:\/\/www.serverprobot.com\/ad-category\/kecioren-escort\/\" title=\"ke\u00e7i\u00f6ren escort\">ke\u00e7i\u00f6ren Escort<\/a><br>\n<a href=\"https:\/\/www.serverprobot.com\/ad-category\/kizilay-escort\/\" title=\"k\u0131z\u0131lay escort\">k\u0131z\u0131lay Escort<\/a><br>\n<a href=\"https:\/\/www.serverprobot.com\/ad-category\/sinirsiz-escort\/\" title=\"s\u0131n\u0131rs\u0131z escort\">s\u0131n\u0131rs\u0131z Escort<\/a><br>\n<a href=\"https:\/\/www.serverprobot.com\/ad-category\/sihhiye-escort\/\" title=\"s\u0131hhiye escort\">s\u0131hhiye Escort<\/a><br>\n<a href=\"https:\/\/www.serverprobot.com\/ad-category\/eryaman-escort\/\" title=\"eryaman escort\">eryaman Escort<\/a><br>\n<a href=\"https:\/\/www.serverprobot.com\/ad-category\/dikmen-escort\/\" title=\"dikmen escort\">dikmen Escort<\/a><br>\n<a href=\"http:\/\/www.retrojordantrade.com\" title=\"malatya escort\">malatya Escort<\/a><br>\n<a href=\"http:\/\/www.pkwmusic.com\" title=\"ku\u015fadas\u0131 escort\">ku\u015fadas\u0131 Escort<\/a><br>\n<a href=\"http:\/\/www.bayanescortilayda.com\" title=\"antep escort\">gaziantep Escort<\/a><br>\n<a href=\"http:\/\/www.izmirilanlari.com\" title=\"izmir escort\">izmir Escort<\/a><br>\n<a href=\"http:\/\/www.escortbayanantalya.org\/\" title=\"antalya escort\">antalya Escort<\/a><br>\n<a href=\"http:\/\/www.partnerbuse.com\/\" title=\"antep escort\">Gaziantep Escort<\/a><br>\n<a href=\"http:\/\/r57shell.net\/\" title=\"Symlink shell, 404 shell, bypass shell, hack shell, Indosec shell, r57 shell, c99shell, litespeed bypass, shell indir, shell download\">Shell Download<\/a><\/div>","protected":false},"excerpt":{"rendered":"<p>\u03a0\u03b1\u03c1\u03b1\u03ba\u03ac\u03c4\u03c9 \u03c0\u03b1\u03c1\u03b1\u03c4\u03af\u03b8\u03b5\u03bd\u03c4\u03b1\u03b9 \u03c0\u03b7\u03b3\u03ad\u03c2 \u03c0\u03bb\u03b7\u03c1\u03bf\u03c6\u03cc\u03c1\u03b7\u03c3\u03b7\u03c2 \u03bf\u03b9 \u03bf\u03c0\u03bf\u03af\u03b5\u03c2 \u03b1\u03c6\u03bf\u03c1\u03bf\u03cd\u03bd \u03c4\u03b7\u03bd \u03c5\u03b3\u03b9\u03b5\u03b9\u03bd\u03ae \u03ba\u03b1\u03b9 \u03b1\u03c3\u03c6\u03ac\u03bb\u03b5\u03b9\u03b1 \u03c3\u03c4\u03bf\u03bd \u03c7\u03ce\u03c1\u03bf \u03b5\u03c1\u03b3\u03b1\u03c3\u03af\u03b1\u03c2: \u03a7\u03ce\u03c1\u03bf\u03c2 \u0395\u03c1\u03b3\u03b1\u03c3\u03af\u03b1\u03c2 \u03a3\u03ae\u03bc\u03b1\u03bd\u03c3\u03b7 \u03c3\u03c4\u03bf\u03bd \u03c7\u03ce\u03c1\u03bf \u03c4\u03b7\u03c2 \u03b5\u03c1\u03b3\u03b1\u03c3\u03af\u03b1\u03c2 \u0395\u03c1\u03b3\u03b1\u03c3\u03af\u03b1 \u03bc\u03b5 \u03ba\u03bb\u03af\u03bc\u03b1\u03ba\u03b5\u03c2 \u039c\u03c5\u03bf\u03c3\u03ba\u03b5\u03bb\u03b5\u03c4\u03b9\u03ba\u03ad\u03c2 \u03c0\u03b1\u03b8\u03ae\u03c3\u03b5\u03b9\u03c2 \u039f\u03b8\u03cc\u03bd\u03b5\u03c2 \u03bf\u03c0\u03c4\u03b9\u03ba\u03ae\u03c2 \u03b1\u03c0\u03b5\u03b9\u03ba\u03cc\u03bd\u03b9\u03c3\u03b7\u03c2 \u03a0\u03b7\u03b3\u03ad\u03c2 \u03ba\u03b9\u03bd\u03b4\u03cd\u03bd\u03bf\u03c5 \u03c3\u03c4\u03bf \u03b3\u03c1\u03b1\u03c6\u03b5\u03af\u03bf \u0391\u03c3\u03c6\u03b1\u03bb\u03ae\u03c2 \u03b1\u03bd\u03cd\u03c8\u03c9\u03c3\u03b7 \u03c6\u03bf\u03c1\u03c4\u03af\u03c9\u03bd \u0397\u03bb\u03b5\u03ba\u03c4\u03c1\u03b9\u03ba\u03cc \u03c1\u03b5\u03cd\u03bc\u03b1 \u03ba\u03b1\u03b9 \u03c7\u03ce\u03c1\u03bf\u03c2 \u03b5\u03c1\u03b3\u03b1\u03c3\u03af\u03b1\u03c2 \u03a0\u03c5\u03c1\u03bf\u03c3\u03b2\u03b5\u03c3\u03c4\u03ae\u03c1\u03b5\u03c2 \u03ba\u03b1\u03b9 \u03bf\u03b4\u03b7\u03b3\u03af\u03b5\u03c2 \u03c0\u03c5\u03c1\u03cc\u03c3\u03b2\u03b5\u03c3\u03b7\u03c2 \u03a0\u03c5\u03c1\u03b1\u03c3\u03c6\u03ac\u03bb\u03b5\u03b9\u03b1 \u03b5\u03b3\u03ba\u03b1\u03c4\u03b1\u03c3\u03c4\u03ac\u03c3\u03b5\u03c9\u03bd \u0395\u03c1\u03b3\u03b1\u03c3\u03af\u03b1 \u03bc\u03b5 \u03c5\u03c0\u03bf\u03bb\u03bf\u03b3\u03b9\u03c3\u03c4\u03ae<\/p>\n","protected":false},"author":1,"featured_media":128,"parent":0,"menu_order":0,"comment_status":"closed","ping_status":"closed","template":"","meta":{"footnotes":""},"class_list":["post-70","page","type-page","status-publish","has-post-thumbnail","hentry"],"_links":{"self":[{"href":"https:\/\/osh.eap.gr\/index.php\/wp-json\/wp\/v2\/pages\/70","targetHints":{"allow":["GET"]}}],"collection":[{"href":"https:\/\/osh.eap.gr\/index.php\/wp-json\/wp\/v2\/pages"}],"about":[{"href":"https:\/\/osh.eap.gr\/index.php\/wp-json\/wp\/v2\/types\/page"}],"author":[{"embeddable":true,"href":"https:\/\/osh.eap.gr\/index.php\/wp-json\/wp\/v2\/users\/1"}],"replies":[{"embeddable":true,"href":"https:\/\/osh.eap.gr\/index.php\/wp-json\/wp\/v2\/comments?post=70"}],"version-history":[{"count":6,"href":"https:\/\/osh.eap.gr\/index.php\/wp-json\/wp\/v2\/pages\/70\/revisions"}],"predecessor-version":[{"id":389,"href":"https:\/\/osh.eap.gr\/index.php\/wp-json\/wp\/v2\/pages\/70\/revisions\/389"}],"wp:featuredmedia":[{"embeddable":true,"href":"https:\/\/osh.eap.gr\/index.php\/wp-json\/wp\/v2\/media\/128"}],"wp:attachment":[{"href":"https:\/\/osh.eap.gr\/index.php\/wp-json\/wp\/v2\/media?parent=70"}],"curies":[{"name":"wp","href":"https:\/\/api.w.org\/{rel}","templated":true}]}}